{"id":21,"date":"2026-02-15T19:15:43","date_gmt":"2026-02-15T19:15:43","guid":{"rendered":"https:\/\/oslo.grafiduo.pl\/langtidsleie\/?page_id=21"},"modified":"2026-04-20T10:54:16","modified_gmt":"2026-04-20T10:54:16","slug":"homepage-es","status":"publish","type":"page","link":"https:\/\/oslobilutleie.no\/langtidsleie-av-bil-oslo\/es\/","title":{"rendered":"Homepage ES"},"content":{"rendered":"","protected":false},"excerpt":{"rendered":"","protected":false},"author":1,"featured_media":0,"parent":0,"menu_order":0,"comment_status":"closed","ping_status":"closed","template":"template-home.php","meta":{"_acf_changed":false,"footnotes":""},"class_list":["post-21","page","type-page","status-publish","hentry"],"acf":[],"yoast_head":"<!-- This site is optimized with the Yoast SEO plugin v27.3 - https:\/\/yoast.com\/product\/yoast-seo-wordpress\/ -->\n<title>Alquiler de coches en Oslo | Coches en Oslo: furgonetas y turismos<\/title>\n<meta name=\"description\" content=\"Reserva sencilla - Contrato breve - 30 000 reservas completadas en Oslo. Contamos con una amplia selecci\u00f3n de turismos y furgonetas disponibles de inmediato, equipados con las \u00faltimas tecnolog\u00edas, desde nuestras 3 sucursales en Oslo y 1 en Ski.\" \/>\n<meta name=\"robots\" content=\"index, follow, max-snippet:-1, max-image-preview:large, max-video-preview:-1\" \/>\n<link rel=\"canonical\" href=\"https:\/\/oslobilutleie.no\/langtidsleie-av-bil-oslo\/es\/\" \/>\n<meta property=\"og:locale\" content=\"nb_NO\" \/>\n<meta property=\"og:type\" content=\"article\" \/>\n<meta property=\"og:title\" content=\"Alquiler de coches en Oslo | Coches en Oslo: furgonetas y turismos\" \/>\n<meta property=\"og:description\" content=\"Reserva sencilla - Contrato breve - 30 000 reservas completadas en Oslo. Contamos con una amplia selecci\u00f3n de turismos y furgonetas disponibles de inmediato, equipados con las \u00faltimas tecnolog\u00edas, desde nuestras 3 sucursales en Oslo y 1 en Ski.\" \/>\n<meta property=\"og:url\" content=\"https:\/\/oslobilutleie.no\/langtidsleie-av-bil-oslo\/es\/\" \/>\n<meta property=\"og:site_name\" content=\"Langtidsleie Oslo\" \/>\n<meta property=\"article:modified_time\" content=\"2026-04-20T10:54:16+00:00\" \/>\n<meta name=\"twitter:card\" content=\"summary_large_image\" \/>\n<script type=\"application\/ld+json\" class=\"yoast-schema-graph\">{\"@context\":\"https:\\\/\\\/schema.org\",\"@graph\":[{\"@type\":\"WebPage\",\"@id\":\"https:\\\/\\\/oslobilutleie.no\\\/langtidsleie-av-bil-oslo\\\/es\\\/\",\"url\":\"https:\\\/\\\/oslobilutleie.no\\\/langtidsleie-av-bil-oslo\\\/es\\\/\",\"name\":\"Alquiler de coches en Oslo | Coches en Oslo: furgonetas y turismos\",\"isPartOf\":{\"@id\":\"https:\\\/\\\/oslobilutleie.no\\\/langtidsleie-av-bil-oslo\\\/#website\"},\"datePublished\":\"2026-02-15T19:15:43+00:00\",\"dateModified\":\"2026-04-20T10:54:16+00:00\",\"description\":\"Reserva sencilla - Contrato breve - 30 000 reservas completadas en Oslo. Contamos con una amplia selecci\u00f3n de turismos y furgonetas disponibles de inmediato, equipados con las \u00faltimas tecnolog\u00edas, desde nuestras 3 sucursales en Oslo y 1 en Ski.\",\"breadcrumb\":{\"@id\":\"https:\\\/\\\/oslobilutleie.no\\\/langtidsleie-av-bil-oslo\\\/es\\\/#breadcrumb\"},\"inLanguage\":\"nb-NO\",\"potentialAction\":[{\"@type\":\"ReadAction\",\"target\":[\"https:\\\/\\\/oslobilutleie.no\\\/langtidsleie-av-bil-oslo\\\/es\\\/\"]}]},{\"@type\":\"BreadcrumbList\",\"@id\":\"https:\\\/\\\/oslobilutleie.no\\\/langtidsleie-av-bil-oslo\\\/es\\\/#breadcrumb\",\"itemListElement\":[{\"@type\":\"ListItem\",\"position\":1,\"name\":\"Hjem\",\"item\":\"https:\\\/\\\/oslobilutleie.no\\\/langtidsleie-av-bil-oslo\\\/\"},{\"@type\":\"ListItem\",\"position\":2,\"name\":\"Homepage ES\"}]},{\"@type\":\"WebSite\",\"@id\":\"https:\\\/\\\/oslobilutleie.no\\\/langtidsleie-av-bil-oslo\\\/#website\",\"url\":\"https:\\\/\\\/oslobilutleie.no\\\/langtidsleie-av-bil-oslo\\\/\",\"name\":\"Langtidsleie Oslo\",\"description\":\"Car rental av vans and person cars in Oslo\",\"potentialAction\":[{\"@type\":\"SearchAction\",\"target\":{\"@type\":\"EntryPoint\",\"urlTemplate\":\"https:\\\/\\\/oslobilutleie.no\\\/langtidsleie-av-bil-oslo\\\/?s={search_term_string}\"},\"query-input\":{\"@type\":\"PropertyValueSpecification\",\"valueRequired\":true,\"valueName\":\"search_term_string\"}}],\"inLanguage\":\"nb-NO\"}]}<\/script>\n<!-- \/ Yoast SEO plugin. -->","yoast_head_json":{"title":"Alquiler de coches en Oslo | Coches en Oslo: furgonetas y turismos","description":"Reserva sencilla - Contrato breve - 30 000 reservas completadas en Oslo. Contamos con una amplia selecci\u00f3n de turismos y furgonetas disponibles de inmediato, equipados con las \u00faltimas tecnolog\u00edas, desde nuestras 3 sucursales en Oslo y 1 en Ski.","robots":{"index":"index","follow":"follow","max-snippet":"max-snippet:-1","max-image-preview":"max-image-preview:large","max-video-preview":"max-video-preview:-1"},"canonical":"https:\/\/oslobilutleie.no\/langtidsleie-av-bil-oslo\/es\/","og_locale":"nb_NO","og_type":"article","og_title":"Alquiler de coches en Oslo | Coches en Oslo: furgonetas y turismos","og_description":"Reserva sencilla - Contrato breve - 30 000 reservas completadas en Oslo. Contamos con una amplia selecci\u00f3n de turismos y furgonetas disponibles de inmediato, equipados con las \u00faltimas tecnolog\u00edas, desde nuestras 3 sucursales en Oslo y 1 en Ski.","og_url":"https:\/\/oslobilutleie.no\/langtidsleie-av-bil-oslo\/es\/","og_site_name":"Langtidsleie Oslo","article_modified_time":"2026-04-20T10:54:16+00:00","twitter_card":"summary_large_image","schema":{"@context":"https:\/\/schema.org","@graph":[{"@type":"WebPage","@id":"https:\/\/oslobilutleie.no\/langtidsleie-av-bil-oslo\/es\/","url":"https:\/\/oslobilutleie.no\/langtidsleie-av-bil-oslo\/es\/","name":"Alquiler de coches en Oslo | Coches en Oslo: furgonetas y turismos","isPartOf":{"@id":"https:\/\/oslobilutleie.no\/langtidsleie-av-bil-oslo\/#website"},"datePublished":"2026-02-15T19:15:43+00:00","dateModified":"2026-04-20T10:54:16+00:00","description":"Reserva sencilla - Contrato breve - 30 000 reservas completadas en Oslo. Contamos con una amplia selecci\u00f3n de turismos y furgonetas disponibles de inmediato, equipados con las \u00faltimas tecnolog\u00edas, desde nuestras 3 sucursales en Oslo y 1 en Ski.","breadcrumb":{"@id":"https:\/\/oslobilutleie.no\/langtidsleie-av-bil-oslo\/es\/#breadcrumb"},"inLanguage":"nb-NO","potentialAction":[{"@type":"ReadAction","target":["https:\/\/oslobilutleie.no\/langtidsleie-av-bil-oslo\/es\/"]}]},{"@type":"BreadcrumbList","@id":"https:\/\/oslobilutleie.no\/langtidsleie-av-bil-oslo\/es\/#breadcrumb","itemListElement":[{"@type":"ListItem","position":1,"name":"Hjem","item":"https:\/\/oslobilutleie.no\/langtidsleie-av-bil-oslo\/"},{"@type":"ListItem","position":2,"name":"Homepage ES"}]},{"@type":"WebSite","@id":"https:\/\/oslobilutleie.no\/langtidsleie-av-bil-oslo\/#website","url":"https:\/\/oslobilutleie.no\/langtidsleie-av-bil-oslo\/","name":"Langtidsleie Oslo","description":"Car rental av vans and person cars in Oslo","potentialAction":[{"@type":"SearchAction","target":{"@type":"EntryPoint","urlTemplate":"https:\/\/oslobilutleie.no\/langtidsleie-av-bil-oslo\/?s={search_term_string}"},"query-input":{"@type":"PropertyValueSpecification","valueRequired":true,"valueName":"search_term_string"}}],"inLanguage":"nb-NO"}]}},"_links":{"self":[{"href":"https:\/\/oslobilutleie.no\/langtidsleie-av-bil-oslo\/wp-json\/wp\/v2\/pages\/21","targetHints":{"allow":["GET"]}}],"collection":[{"href":"https:\/\/oslobilutleie.no\/langtidsleie-av-bil-oslo\/wp-json\/wp\/v2\/pages"}],"about":[{"href":"https:\/\/oslobilutleie.no\/langtidsleie-av-bil-oslo\/wp-json\/wp\/v2\/types\/page"}],"author":[{"embeddable":true,"href":"https:\/\/oslobilutleie.no\/langtidsleie-av-bil-oslo\/wp-json\/wp\/v2\/users\/1"}],"replies":[{"embeddable":true,"href":"https:\/\/oslobilutleie.no\/langtidsleie-av-bil-oslo\/wp-json\/wp\/v2\/comments?post=21"}],"version-history":[{"count":3,"href":"https:\/\/oslobilutleie.no\/langtidsleie-av-bil-oslo\/wp-json\/wp\/v2\/pages\/21\/revisions"}],"predecessor-version":[{"id":520,"href":"https:\/\/oslobilutleie.no\/langtidsleie-av-bil-oslo\/wp-json\/wp\/v2\/pages\/21\/revisions\/520"}],"wp:attachment":[{"href":"https:\/\/oslobilutleie.no\/langtidsleie-av-bil-oslo\/wp-json\/wp\/v2\/media?parent=21"}],"curies":[{"name":"wp","href":"https:\/\/api.w.org\/{rel}","templated":true}]}}