{"id":17,"date":"2026-02-15T19:15:08","date_gmt":"2026-02-15T19:15:08","guid":{"rendered":"https:\/\/oslo.grafiduo.pl\/langtidsleie\/?page_id=17"},"modified":"2026-04-20T10:53:45","modified_gmt":"2026-04-20T10:53:45","slug":"homepage-pl","status":"publish","type":"page","link":"https:\/\/oslobilutleie.no\/langtidsleie-av-bil-oslo\/pl\/","title":{"rendered":"Homepage PL"},"content":{"rendered":"","protected":false},"excerpt":{"rendered":"","protected":false},"author":1,"featured_media":0,"parent":0,"menu_order":0,"comment_status":"closed","ping_status":"closed","template":"template-home.php","meta":{"_acf_changed":false,"footnotes":""},"class_list":["post-17","page","type-page","status-publish","hentry"],"acf":[],"yoast_head":"<!-- This site is optimized with the Yoast SEO plugin v27.3 - https:\/\/yoast.com\/product\/yoast-seo-wordpress\/ -->\n<title>Wypo\u017cyczalnia samochod\u00f3w Oslo | Tani wynajem<\/title>\n<meta name=\"description\" content=\"\u0141atwe zamawianie \u2013 kr\u00f3tkie umowy \u2013 30 000 zrealizowanych zam\u00f3wie\u0144 w Oslo. Szeroki wyb\u00f3r natychmiast dost\u0119pnych samochod\u00f3w osobowych i dostawczych, wyposa\u017conych w najnowsze technologie, z 3 oddzia\u0142\u00f3w w Oslo i 1 w Ski.\" \/>\n<meta name=\"robots\" content=\"index, follow, max-snippet:-1, max-image-preview:large, max-video-preview:-1\" \/>\n<link rel=\"canonical\" href=\"https:\/\/oslobilutleie.no\/langtidsleie-av-bil-oslo\/pl\/\" \/>\n<meta property=\"og:locale\" content=\"nb_NO\" \/>\n<meta property=\"og:type\" content=\"article\" \/>\n<meta property=\"og:title\" content=\"Wypo\u017cyczalnia samochod\u00f3w Oslo | Tani wynajem\" \/>\n<meta property=\"og:description\" content=\"\u0141atwe zamawianie \u2013 kr\u00f3tkie umowy \u2013 30 000 zrealizowanych zam\u00f3wie\u0144 w Oslo. Szeroki wyb\u00f3r natychmiast dost\u0119pnych samochod\u00f3w osobowych i dostawczych, wyposa\u017conych w najnowsze technologie, z 3 oddzia\u0142\u00f3w w Oslo i 1 w Ski.\" \/>\n<meta property=\"og:url\" content=\"https:\/\/oslobilutleie.no\/langtidsleie-av-bil-oslo\/pl\/\" \/>\n<meta property=\"og:site_name\" content=\"Langtidsleie Oslo\" \/>\n<meta property=\"article:modified_time\" content=\"2026-04-20T10:53:45+00:00\" \/>\n<meta name=\"twitter:card\" content=\"summary_large_image\" \/>\n<script type=\"application\/ld+json\" class=\"yoast-schema-graph\">{\"@context\":\"https:\\\/\\\/schema.org\",\"@graph\":[{\"@type\":\"WebPage\",\"@id\":\"https:\\\/\\\/oslobilutleie.no\\\/langtidsleie-av-bil-oslo\\\/pl\\\/\",\"url\":\"https:\\\/\\\/oslobilutleie.no\\\/langtidsleie-av-bil-oslo\\\/pl\\\/\",\"name\":\"Wypo\u017cyczalnia samochod\u00f3w Oslo | Tani wynajem\",\"isPartOf\":{\"@id\":\"https:\\\/\\\/oslobilutleie.no\\\/langtidsleie-av-bil-oslo\\\/#website\"},\"datePublished\":\"2026-02-15T19:15:08+00:00\",\"dateModified\":\"2026-04-20T10:53:45+00:00\",\"description\":\"\u0141atwe zamawianie \u2013 kr\u00f3tkie umowy \u2013 30 000 zrealizowanych zam\u00f3wie\u0144 w Oslo. Szeroki wyb\u00f3r natychmiast dost\u0119pnych samochod\u00f3w osobowych i dostawczych, wyposa\u017conych w najnowsze technologie, z 3 oddzia\u0142\u00f3w w Oslo i 1 w Ski.\",\"breadcrumb\":{\"@id\":\"https:\\\/\\\/oslobilutleie.no\\\/langtidsleie-av-bil-oslo\\\/pl\\\/#breadcrumb\"},\"inLanguage\":\"nb-NO\",\"potentialAction\":[{\"@type\":\"ReadAction\",\"target\":[\"https:\\\/\\\/oslobilutleie.no\\\/langtidsleie-av-bil-oslo\\\/pl\\\/\"]}]},{\"@type\":\"BreadcrumbList\",\"@id\":\"https:\\\/\\\/oslobilutleie.no\\\/langtidsleie-av-bil-oslo\\\/pl\\\/#breadcrumb\",\"itemListElement\":[{\"@type\":\"ListItem\",\"position\":1,\"name\":\"Hjem\",\"item\":\"https:\\\/\\\/oslobilutleie.no\\\/langtidsleie-av-bil-oslo\\\/\"},{\"@type\":\"ListItem\",\"position\":2,\"name\":\"Homepage PL\"}]},{\"@type\":\"WebSite\",\"@id\":\"https:\\\/\\\/oslobilutleie.no\\\/langtidsleie-av-bil-oslo\\\/#website\",\"url\":\"https:\\\/\\\/oslobilutleie.no\\\/langtidsleie-av-bil-oslo\\\/\",\"name\":\"Langtidsleie Oslo\",\"description\":\"Car rental av vans and person cars in Oslo\",\"potentialAction\":[{\"@type\":\"SearchAction\",\"target\":{\"@type\":\"EntryPoint\",\"urlTemplate\":\"https:\\\/\\\/oslobilutleie.no\\\/langtidsleie-av-bil-oslo\\\/?s={search_term_string}\"},\"query-input\":{\"@type\":\"PropertyValueSpecification\",\"valueRequired\":true,\"valueName\":\"search_term_string\"}}],\"inLanguage\":\"nb-NO\"}]}<\/script>\n<!-- \/ Yoast SEO plugin. -->","yoast_head_json":{"title":"Wypo\u017cyczalnia samochod\u00f3w Oslo | Tani wynajem","description":"\u0141atwe zamawianie \u2013 kr\u00f3tkie umowy \u2013 30 000 zrealizowanych zam\u00f3wie\u0144 w Oslo. Szeroki wyb\u00f3r natychmiast dost\u0119pnych samochod\u00f3w osobowych i dostawczych, wyposa\u017conych w najnowsze technologie, z 3 oddzia\u0142\u00f3w w Oslo i 1 w Ski.","robots":{"index":"index","follow":"follow","max-snippet":"max-snippet:-1","max-image-preview":"max-image-preview:large","max-video-preview":"max-video-preview:-1"},"canonical":"https:\/\/oslobilutleie.no\/langtidsleie-av-bil-oslo\/pl\/","og_locale":"nb_NO","og_type":"article","og_title":"Wypo\u017cyczalnia samochod\u00f3w Oslo | Tani wynajem","og_description":"\u0141atwe zamawianie \u2013 kr\u00f3tkie umowy \u2013 30 000 zrealizowanych zam\u00f3wie\u0144 w Oslo. Szeroki wyb\u00f3r natychmiast dost\u0119pnych samochod\u00f3w osobowych i dostawczych, wyposa\u017conych w najnowsze technologie, z 3 oddzia\u0142\u00f3w w Oslo i 1 w Ski.","og_url":"https:\/\/oslobilutleie.no\/langtidsleie-av-bil-oslo\/pl\/","og_site_name":"Langtidsleie Oslo","article_modified_time":"2026-04-20T10:53:45+00:00","twitter_card":"summary_large_image","schema":{"@context":"https:\/\/schema.org","@graph":[{"@type":"WebPage","@id":"https:\/\/oslobilutleie.no\/langtidsleie-av-bil-oslo\/pl\/","url":"https:\/\/oslobilutleie.no\/langtidsleie-av-bil-oslo\/pl\/","name":"Wypo\u017cyczalnia samochod\u00f3w Oslo | Tani wynajem","isPartOf":{"@id":"https:\/\/oslobilutleie.no\/langtidsleie-av-bil-oslo\/#website"},"datePublished":"2026-02-15T19:15:08+00:00","dateModified":"2026-04-20T10:53:45+00:00","description":"\u0141atwe zamawianie \u2013 kr\u00f3tkie umowy \u2013 30 000 zrealizowanych zam\u00f3wie\u0144 w Oslo. Szeroki wyb\u00f3r natychmiast dost\u0119pnych samochod\u00f3w osobowych i dostawczych, wyposa\u017conych w najnowsze technologie, z 3 oddzia\u0142\u00f3w w Oslo i 1 w Ski.","breadcrumb":{"@id":"https:\/\/oslobilutleie.no\/langtidsleie-av-bil-oslo\/pl\/#breadcrumb"},"inLanguage":"nb-NO","potentialAction":[{"@type":"ReadAction","target":["https:\/\/oslobilutleie.no\/langtidsleie-av-bil-oslo\/pl\/"]}]},{"@type":"BreadcrumbList","@id":"https:\/\/oslobilutleie.no\/langtidsleie-av-bil-oslo\/pl\/#breadcrumb","itemListElement":[{"@type":"ListItem","position":1,"name":"Hjem","item":"https:\/\/oslobilutleie.no\/langtidsleie-av-bil-oslo\/"},{"@type":"ListItem","position":2,"name":"Homepage PL"}]},{"@type":"WebSite","@id":"https:\/\/oslobilutleie.no\/langtidsleie-av-bil-oslo\/#website","url":"https:\/\/oslobilutleie.no\/langtidsleie-av-bil-oslo\/","name":"Langtidsleie Oslo","description":"Car rental av vans and person cars in Oslo","potentialAction":[{"@type":"SearchAction","target":{"@type":"EntryPoint","urlTemplate":"https:\/\/oslobilutleie.no\/langtidsleie-av-bil-oslo\/?s={search_term_string}"},"query-input":{"@type":"PropertyValueSpecification","valueRequired":true,"valueName":"search_term_string"}}],"inLanguage":"nb-NO"}]}},"_links":{"self":[{"href":"https:\/\/oslobilutleie.no\/langtidsleie-av-bil-oslo\/wp-json\/wp\/v2\/pages\/17","targetHints":{"allow":["GET"]}}],"collection":[{"href":"https:\/\/oslobilutleie.no\/langtidsleie-av-bil-oslo\/wp-json\/wp\/v2\/pages"}],"about":[{"href":"https:\/\/oslobilutleie.no\/langtidsleie-av-bil-oslo\/wp-json\/wp\/v2\/types\/page"}],"author":[{"embeddable":true,"href":"https:\/\/oslobilutleie.no\/langtidsleie-av-bil-oslo\/wp-json\/wp\/v2\/users\/1"}],"replies":[{"embeddable":true,"href":"https:\/\/oslobilutleie.no\/langtidsleie-av-bil-oslo\/wp-json\/wp\/v2\/comments?post=17"}],"version-history":[{"count":3,"href":"https:\/\/oslobilutleie.no\/langtidsleie-av-bil-oslo\/wp-json\/wp\/v2\/pages\/17\/revisions"}],"predecessor-version":[{"id":518,"href":"https:\/\/oslobilutleie.no\/langtidsleie-av-bil-oslo\/wp-json\/wp\/v2\/pages\/17\/revisions\/518"}],"wp:attachment":[{"href":"https:\/\/oslobilutleie.no\/langtidsleie-av-bil-oslo\/wp-json\/wp\/v2\/media?parent=17"}],"curies":[{"name":"wp","href":"https:\/\/api.w.org\/{rel}","templated":true}]}}